{"id":51,"date":"2024-12-26T04:05:58","date_gmt":"2024-12-26T01:05:58","guid":{"rendered":"http:\/\/lion-tv.store\/?post_type=product&#038;p=51"},"modified":"2025-06-12T20:03:00","modified_gmt":"2025-06-12T17:03:00","slug":"leone-tv-6-mesi","status":"publish","type":"product","link":"https:\/\/lion-tv.store\/it\/product\/leone-tv-6-mesi\/","title":{"rendered":"Abbonamento Lion TV \u2013 Sei mesi"},"content":{"rendered":"<h1>Lion IPTV \u2013 Il miglior abbonamento IPTV per guardare canali, serie e film in diretta<\/h1>\n<p>Cerchi un abbonamento IPTV che ti offra migliaia di canali, film e serie internazionali in qualit\u00e0 superiore? <strong>Abbonamento IPTV Lion<\/strong> \u00c8 la soluzione perfetta, poich\u00e9 ti d\u00e0 accesso illimitato a pi\u00f9 di <strong>8402 canali di trasmissione in diretta<\/strong>Oltre ad una vasta biblioteca che include <strong>14.239 film e 5.025 serie<\/strong>, garantendoti un&#039;esperienza di intrattenimento completa e senza interruzioni.<\/p>\n<h2>Perch\u00e9 l&#039;abbonamento Lion IPTV \u00e8 la scelta giusta per te?<\/h2>\n<ul>\n<li><strong>Contenuti vasti e diversificati:<\/strong> Accesso a oltre 8.402 canali TV in diretta, inclusi i pi\u00f9 popolari canali arabi e internazionali.<\/li>\n<li><strong>Libreria VOD rinnovata:<\/strong> Goditi i film e le serie pi\u00f9 recenti e popolari, costantemente aggiornati.<\/li>\n<li><strong>Stabilit\u00e0 e stabilit\u00e0 superiori:<\/strong> Esperienza visiva eccellente, senza buffering e lag, soprattutto durante le partite pi\u00f9 intense e gli eventi in diretta.<\/li>\n<li><strong>Supporta tutti i dispositivi:<\/strong> L&#039;abbonamento funziona in modo efficiente su smartphone, smart TV, computer e TV box.<\/li>\n<li><strong>Aggiornamenti continui:<\/strong> Tutte le novit\u00e0 nel mondo dell&#039;intrattenimento vengono aggiunte regolarmente per assicurarti di non perdere nessun contenuto.<\/li>\n<li><strong>Flessibilit\u00e0 operativa:<\/strong> La possibilit\u00e0 di utilizzare l&#039;abbonamento su pi\u00f9 dispositivi in momenti diversi (non contemporaneamente).<\/li>\n<li><strong>Pacchetti esclusivi:<\/strong> Include pacchetti premium come beIN Sports, OSN e i principali canali di film e serie TV.<\/li>\n<li><strong>Supporto tecnico integrato:<\/strong> Un team di supporto tecnico \u00e8 a tua disposizione per assisterti durante tutto il periodo dell&#039;abbonamento.<\/li>\n<li><strong>Facilit\u00e0 di attivazione:<\/strong> Ottieni il codice di attivazione Lion IPTV per attivare facilmente il servizio sull&#039;app ufficiale.<\/li>\n<\/ul>\n<h2>Una guida completa all&#039;installazione e all&#039;attivazione dell&#039;abbonamento Lion IPTV<\/h2>\n<p>Per installare il servizio sul tuo dispositivo preferito, segui questi passaggi:<\/p>\n<h3>1. Dispositivi Android (telefoni, schermi intelligenti, TV Box)<\/h3>\n<ul>\n<li><strong>App ufficiale (consigliata):<\/strong> <a href=\"https:\/\/163.172.39.182\/lion.apk\" rel=\"nofollow\">Scarica Lion IPTV APK<\/a><\/li>\n<li><strong>Applicazioni alternative:<\/strong> Puoi utilizzare altri lettori IPTV come: <a href=\"https:\/\/play.google.com\/store\/search?q=iptv%20player&amp;c=apps\" rel=\"nofollow noopener\" target=\"_blank\">Lettore IPTV<\/a> O <a href=\"https:\/\/play.google.com\/store\/search?q=iptv%20smarters%20pro&amp;c=apps\" rel=\"nofollow noopener\" target=\"_blank\">IPTV Smarters Pro<\/a> Da Google Play Store.<\/li>\n<\/ul>\n<h3>2. Dispositivi iPhone e iPad (iOS)<\/h3>\n<p>iOS non consente l&#039;installazione di app esterne allo store, quindi utilizza una delle seguenti app approvate:<\/p>\n<ul>\n<li><a href=\"https:\/\/apps.apple.com\/eg\/app\/s-player-pro-iptv-player\/id1616174252\" rel=\"nofollow noopener\" target=\"_blank\">Scarica S Player Pro<\/a> (Cerca Lion IPTV all&#039;interno)<\/li>\n<li><a href=\"https:\/\/apps.apple.com\/eg\/app\/247-iptv-player\/id1419998058\" rel=\"nofollow noopener\" target=\"_blank\">Scarica l&#039;app 247 IPTV Player<\/a><\/li>\n<li><a href=\"https:\/\/apps.apple.com\/sa\/app\/blink-player-pro\/id1635779666\" rel=\"nofollow noopener\" target=\"_blank\">Scarica Blink Player Pro<\/a><\/li>\n<\/ul>\n<h3>3. Computer (Windows e Mac)<\/h3>\n<p>Per un&#039;esperienza ottimale sul tuo computer, scarica IPTV Smarters:<\/p>\n<ul>\n<li><strong>Sistema Windows:<\/strong> <a href=\"https:\/\/www.mediafire.com\/file\/l7yn9wl5n74l397\/IPTV_Smarters_V2.4.exe\/file\" rel=\"nofollow noopener\" target=\"_blank\">Scarica IPTV Smarters Player per Windows<\/a><\/li>\n<li><strong>Sistema Mac:<\/strong> <a href=\"https:\/\/www.iptvsmarters.com\/IPTVSmartersPro-1.1.1.dmg\" rel=\"nofollow noopener\" target=\"_blank\">Scarica IPTV Smarters Pro per macOS<\/a><\/li>\n<\/ul>\n<h3>4. Schermi intelligenti (Samsung e LG Smart TV)<\/h3>\n<p>Cerca una di queste app nell&#039;app store del tuo schermo e installala:<\/p>\n<ul>\n<li>applicazione <strong>IPTV SMARTERS PRO<\/strong><\/li>\n<li>applicazione <strong>Giocatore IBO<\/strong><\/li>\n<\/ul>\n<h2>Iscriviti subito a Lion IPTV e goditi un&#039;esperienza visiva senza pari!<\/h2>\n<p>Non perderti i migliori contenuti di intrattenimento con una qualit\u00e0 e una coerenza senza pari. Abbonati oggi e inizia subito a guardare.<\/p>\n<p><strong>Per gli ultimi aggiornamenti e le offerte esclusive, segui il nostro canale Telegram:<\/strong><\/p>\n<p><a href=\"https:\/\/t.me\/myhdiptv1\" rel=\"nofollow\">https:\/\/t.me\/myhdiptv1<\/a><\/p>","protected":false},"excerpt":{"rendered":"<p><strong>Ottieni l&#039;abbonamento IPTV pi\u00f9 potente con Lion IPTV \ud83d\udd25! Goditi oltre 8.400 canali in diretta \ud83d\udcfa e un&#039;ampia libreria di film e serie TV recenti \ud83c\udfac. Visione stabile delle partite \u26bd senza interruzioni. \u2705 Funziona su tutti i dispositivi smart. Abbonati ora e goditi un&#039;esperienza di intrattenimento senza pari!<\/strong><\/p>","protected":false},"featured_media":713,"comment_status":"open","ping_status":"closed","template":"","meta":{"_monsterinsights_skip_tracking":false,"_monsterinsights_sitenote_active":false,"_monsterinsights_sitenote_note":"","_monsterinsights_sitenote_category":0},"product_brand":[],"product_cat":[95],"product_tag":[133,132,122,120,127,126,125,136,112,131,117,134,114,111,135,121,113,150,149,130,118,123,115,129,124,116,128,119],"class_list":{"0":"post-51","1":"product","2":"type-product","3":"status-publish","4":"has-post-thumbnail","6":"product_cat-lion-tv","7":"product_tag-ibo-player","8":"product_tag-iptv-player","9":"product_tag-iptv-smarters-pro","10":"product_tag-iptv--","11":"product_tag-iptv-","14":"product_tag-lion-iptv","15":"product_tag-lion-tv","16":"product_tag-lion-tv-activation-code","17":"product_tag-lion-tv-apk","18":"product_tag---iptv","20":"product_tag--iptv","21":"product_tag--iptv--","22":"product_tag--iptv-","23":"product_tag--lion-tv","24":"product_tag-150","25":"product_tag-149","30":"product_tag-129","31":"product_tag--bein-sports-iptv","32":"product_tag---lion-tv","33":"product_tag-128","34":"product_tag-119","36":"first","37":"instock","38":"sale","39":"shipping-taxable","40":"purchasable","41":"product-type-simple"},"_links":{"self":[{"href":"https:\/\/lion-tv.store\/it\/wp-json\/wp\/v2\/product\/51","targetHints":{"allow":["GET"]}}],"collection":[{"href":"https:\/\/lion-tv.store\/it\/wp-json\/wp\/v2\/product"}],"about":[{"href":"https:\/\/lion-tv.store\/it\/wp-json\/wp\/v2\/types\/product"}],"replies":[{"embeddable":true,"href":"https:\/\/lion-tv.store\/it\/wp-json\/wp\/v2\/comments?post=51"}],"wp:featuredmedia":[{"embeddable":true,"href":"https:\/\/lion-tv.store\/it\/wp-json\/wp\/v2\/media\/713"}],"wp:attachment":[{"href":"https:\/\/lion-tv.store\/it\/wp-json\/wp\/v2\/media?parent=51"}],"wp:term":[{"taxonomy":"product_brand","embeddable":true,"href":"https:\/\/lion-tv.store\/it\/wp-json\/wp\/v2\/product_brand?post=51"},{"taxonomy":"product_cat","embeddable":true,"href":"https:\/\/lion-tv.store\/it\/wp-json\/wp\/v2\/product_cat?post=51"},{"taxonomy":"product_tag","embeddable":true,"href":"https:\/\/lion-tv.store\/it\/wp-json\/wp\/v2\/product_tag?post=51"}],"curies":[{"name":"wp","href":"https:\/\/api.w.org\/{rel}","templated":true}]}}