{"id":45,"date":"2024-12-26T04:05:57","date_gmt":"2024-12-26T01:05:57","guid":{"rendered":"http:\/\/lion-tv.store\/?post_type=product&#038;p=45"},"modified":"2025-12-16T11:37:54","modified_gmt":"2025-12-16T08:37:54","slug":"lion-tv-un-an","status":"publish","type":"product","link":"https:\/\/lion-tv.store\/fr\/produit\/lion-tv-un-an\/","title":{"rendered":"Abonnement Lion TV \u2013 Un an"},"content":{"rendered":"<h1>Abonnement Lion TV\u00a0: votre guide pour le meilleur service IPTV avec stabilit\u00e9 et haute qualit\u00e9<\/h1>\n<h2>Les fonctionnalit\u00e9s de l&#039;abonnement Lion TV qui en font votre premier choix<\/h2>\n<ul>\n<li><strong>Contenu massif :<\/strong> plus que <strong>8402 cha\u00eenes<\/strong> Diverses langues arabes et internationales.<\/li>\n<li><strong>Vaste biblioth\u00e8que de films et de s\u00e9ries :<\/strong> Acc\u00e8s \u00e0 plus de <strong>14 239 films et 5 025 s\u00e9ries<\/strong> Il est constamment mis \u00e0 jour.<\/li>\n<li><strong>Stabilit\u00e9 exceptionnelle :<\/strong> Haute stabilit\u00e9 du streaming, en particulier lors des matchs importants et des \u00e9v\u00e9nements en direct <strong>sans aucune coupe<\/strong>.<\/li>\n<li><strong>Couverture sportive compl\u00e8te :<\/strong> Suivez les tournois internationaux les plus importants, tels que la Premier League anglaise, la Ligue espagnole et la Ligue des champions.<\/li>\n<li><strong>Forfaits exclusifs :<\/strong> Il comprend des forfaits premium tels que beIN Sports, OSN et toutes les cha\u00eenes de divertissement.<\/li>\n<li><strong>Flexibilit\u00e9 d&#039;utilisation :<\/strong> Vous pouvez ex\u00e9cuter l&#039;abonnement sur plusieurs appareils (mais pas en m\u00eame temps).<\/li>\n<li><strong>Mises \u00e0 jour quotidiennes :<\/strong> Ajout constant de nouveau contenu pour garantir une exp\u00e9rience nouvelle.<\/li>\n<li><strong>Support technique int\u00e9gr\u00e9 :<\/strong> Une \u00e9quipe de support est pr\u00eate \u00e0 vous accompagner tout au long de votre abonnement.<\/li>\n<li><strong>Plusieurs m\u00e9thodes d&#039;activation :<\/strong> L&#039;activation est possible via un code officiel ou en utilisant les donn\u00e9es de connexion (nom d&#039;utilisateur et mot de passe).<\/li>\n<\/ul>\n<h2>Guide de t\u00e9l\u00e9chargement et d&#039;ex\u00e9cution de Lion TV sur diff\u00e9rents appareils<\/h2>\n<h3>1. Appareils Android (t\u00e9l\u00e9phones, \u00e9crans intelligents, TV Box)<\/h3>\n<p>Pour de meilleures performances, utilisez l&#039;application officielle\u00a0:<\/p>\n<ul>\n<li><a href=\"https:\/\/163.172.39.182\/lion.apk\" rel=\"nofollow\">T\u00e9l\u00e9chargez l&#039;APK officiel de Lion TV pour Android<\/a><\/li>\n<\/ul>\n<h3>2. Appareils iPhone et iPad (iOS)<\/h3>\n<p>Choisissez l&#039;une des applications recommand\u00e9es sur l&#039;Apple Store et saisissez les d\u00e9tails de votre abonnement\u00a0:<\/p>\n<ul>\n<li><a href=\"https:\/\/apps.apple.com\/eg\/app\/s-player-pro-iptv-player\/id1616174252\" rel=\"nofollow noopener\" target=\"_blank\">T\u00e9l\u00e9chargez l&#039;application S Player Pro (recherchez Lion TV \u00e0 l&#039;int\u00e9rieur)<\/a><\/li>\n<li><a href=\"https:\/\/apps.apple.com\/eg\/app\/247-iptv-player\/id1419998058\" rel=\"nofollow noopener\" target=\"_blank\">T\u00e9l\u00e9chargez l&#039;application 247 IPTV Player<\/a><\/li>\n<li><a href=\"https:\/\/apps.apple.com\/sa\/app\/blink-player-pro\/id1635779666\" rel=\"nofollow noopener\" target=\"_blank\">T\u00e9l\u00e9charger Blink Player Pro<\/a><\/li>\n<\/ul>\n<h3>3. Ordinateurs (Windows et Mac)<\/h3>\n<p>Utilisez IPTV Smarters Player pour la meilleure exp\u00e9rience de bureau\u00a0:<\/p>\n<ul>\n<li><strong>Pour Windows\u00a0:<\/strong> <a href=\"https:\/\/www.mediafire.com\/file\/l7yn9wl5n74l397\/IPTV_Smarters_V2.4.exe\/file\" rel=\"nofollow noopener\" target=\"_blank\">T\u00e9l\u00e9chargez IPTV Smarters pour Windows<\/a><\/li>\n<li><strong>Pour Mac :<\/strong> <a href=\"https:\/\/www.iptvsmarters.com\/IPTVSmartersPro-1.1.1.dmg\" rel=\"nofollow noopener\" target=\"_blank\">T\u00e9l\u00e9charger IPTV Smarters Pro pour macOS<\/a><\/li>\n<\/ul>\n<h3>4. T\u00e9l\u00e9viseurs intelligents (LG et Samsung)<\/h3>\n<p>Recherchez l&#039;une de ces applications dans la boutique d&#039;applications de votre \u00e9cran et installez-la\u00a0:<\/p>\n<ul>\n<li>application <strong>IPTV SMARTERS PRO<\/strong><\/li>\n<li>application <strong>Joueur IBO<\/strong><\/li>\n<\/ul>\n<h2>Abonnez-vous d\u00e8s maintenant \u00e0 Lion TV et profitez d&#039;une exp\u00e9rience de visionnage unique !<\/h2>\n<p>Ne manquez pas l&#039;occasion de regarder votre contenu pr\u00e9f\u00e9r\u00e9 en haute qualit\u00e9 et avec une stabilit\u00e9 in\u00e9gal\u00e9e.<\/p>\n<p><strong>Pour les derni\u00e8res mises \u00e0 jour et offres exclusives, suivez-nous sur Telegram :<\/strong><\/p>\n<p><a href=\"https:\/\/t.me\/myhdiptv1\" rel=\"nofollow\">https:\/\/t.me\/myhdiptv1<\/a><\/p>","protected":false},"excerpt":{"rendered":"<p><strong>Profitez d&#039;une ann\u00e9e compl\u00e8te de divertissement avec un abonnement Lion TV d&#039;un an ! \ud83d\udd25 Acc\u00e9dez en illimit\u00e9 \u00e0 plus de 8\u00a0400 cha\u00eenes en direct \ud83d\udcfa et \u00e0 la plus grande biblioth\u00e8que de films et de s\u00e9ries \ud83c\udfac. Regardez tous les matchs et \u00e9v\u00e9nements sportifs \u26bd avec une grande stabilit\u00e9 et sans interruption. \u2705 Le meilleur choix pour tous vos appareils, \u00e0 un prix imbattable. Abonnez-vous d\u00e8s maintenant !<\/strong><\/p>","protected":false},"featured_media":714,"comment_status":"open","ping_status":"closed","template":"","meta":{"_monsterinsights_skip_tracking":false,"_monsterinsights_sitenote_active":false,"_monsterinsights_sitenote_note":"","_monsterinsights_sitenote_category":0},"product_brand":[],"product_cat":[95],"product_tag":[120,136,146,143,134,114,147,121,113,137,138,144,139,145,140,115,148,141,142,116],"class_list":{"0":"post-45","1":"product","2":"type-product","3":"status-publish","4":"has-post-thumbnail","6":"product_cat-lion-tv","7":"product_tag-iptv--","8":"product_tag-lion-iptv","9":"product_tag-lion-tv-official-subscription","10":"product_tag-lion-tv-subscription","11":"product_tag---iptv","13":"product_tag--iptv-","15":"product_tag--lion-tv","16":"product_tag---tv","18":"product_tag-144","19":"product_tag---lion-tv","20":"product_tag----tv","22":"product_tag--iptv","23":"product_tag--lion-tv-","28":"first","29":"instock","30":"sale","31":"shipping-taxable","32":"purchasable","33":"product-type-simple"},"_links":{"self":[{"href":"https:\/\/lion-tv.store\/fr\/wp-json\/wp\/v2\/product\/45","targetHints":{"allow":["GET"]}}],"collection":[{"href":"https:\/\/lion-tv.store\/fr\/wp-json\/wp\/v2\/product"}],"about":[{"href":"https:\/\/lion-tv.store\/fr\/wp-json\/wp\/v2\/types\/product"}],"replies":[{"embeddable":true,"href":"https:\/\/lion-tv.store\/fr\/wp-json\/wp\/v2\/comments?post=45"}],"wp:featuredmedia":[{"embeddable":true,"href":"https:\/\/lion-tv.store\/fr\/wp-json\/wp\/v2\/media\/714"}],"wp:attachment":[{"href":"https:\/\/lion-tv.store\/fr\/wp-json\/wp\/v2\/media?parent=45"}],"wp:term":[{"taxonomy":"product_brand","embeddable":true,"href":"https:\/\/lion-tv.store\/fr\/wp-json\/wp\/v2\/product_brand?post=45"},{"taxonomy":"product_cat","embeddable":true,"href":"https:\/\/lion-tv.store\/fr\/wp-json\/wp\/v2\/product_cat?post=45"},{"taxonomy":"product_tag","embeddable":true,"href":"https:\/\/lion-tv.store\/fr\/wp-json\/wp\/v2\/product_tag?post=45"}],"curies":[{"name":"wp","href":"https:\/\/api.w.org\/{rel}","templated":true}]}}