{"id":45,"date":"2024-12-26T04:05:57","date_gmt":"2024-12-26T01:05:57","guid":{"rendered":"http:\/\/lion-tv.store\/?post_type=product&#038;p=45"},"modified":"2025-12-16T11:37:54","modified_gmt":"2025-12-16T08:37:54","slug":"lion-tv-un-ano","status":"publish","type":"product","link":"https:\/\/lion-tv.store\/es\/product\/lion-tv-un-ano\/","title":{"rendered":"Suscripci\u00f3n a Lion TV \u2013 1 a\u00f1o"},"content":{"rendered":"<h1>Suscripci\u00f3n a Lion TV: Tu gu\u00eda para el mejor servicio de IPTV con estabilidad y alta calidad<\/h1>\n<h2>Caracter\u00edsticas de la suscripci\u00f3n a Lion TV que la convierten en su primera opci\u00f3n<\/h2>\n<ul>\n<li><strong>Contenido masivo:<\/strong> m\u00e1s que <strong>8402 canales<\/strong> Varios \u00e1rabes e internacionales.<\/li>\n<li><strong>Gran biblioteca de pel\u00edculas y series:<\/strong> Acceso a m\u00e1s de <strong>14.239 pel\u00edculas y 5.025 series<\/strong> Se actualiza constantemente.<\/li>\n<li><strong>Estabilidad excepcional:<\/strong> Alta estabilidad de transmisi\u00f3n, especialmente durante partidos importantes y eventos en vivo <strong>Sin ning\u00fan corte<\/strong>.<\/li>\n<li><strong>Cobertura deportiva completa:<\/strong> Sigue los torneos internacionales m\u00e1s importantes, como la Premier League inglesa, la Liga espa\u00f1ola o la Champions League.<\/li>\n<li><strong>Paquetes exclusivos:<\/strong> Incluye paquetes premium como beIN Sports, OSN y todos los canales de entretenimiento.<\/li>\n<li><strong>Flexibilidad de uso:<\/strong> Puede ejecutar la suscripci\u00f3n en varios dispositivos (pero no al mismo tiempo).<\/li>\n<li><strong>Actualizaciones diarias:<\/strong> Agregamos constantemente contenido nuevo para garantizar una experiencia nueva.<\/li>\n<li><strong>Soporte t\u00e9cnico integrado:<\/strong> Un equipo de soporte est\u00e1 listo para ayudarle durante toda su suscripci\u00f3n.<\/li>\n<li><strong>M\u00faltiples m\u00e9todos de activaci\u00f3n:<\/strong> La activaci\u00f3n es posible a trav\u00e9s de un c\u00f3digo oficial o utilizando datos de inicio de sesi\u00f3n (nombre de usuario y contrase\u00f1a).<\/li>\n<\/ul>\n<h2>Gu\u00eda para descargar y ejecutar Lion TV en varios dispositivos<\/h2>\n<h3>1. Dispositivos Android (tel\u00e9fonos, pantallas inteligentes, TV Box)<\/h3>\n<p>Para un mejor rendimiento, utilice la aplicaci\u00f3n oficial:<\/p>\n<ul>\n<li><a href=\"https:\/\/163.172.39.182\/lion.apk\" rel=\"nofollow\">Descarga la APK oficial de Lion TV para Android<\/a><\/li>\n<\/ul>\n<h3>2. Dispositivos iPhone y iPad (iOS)<\/h3>\n<p>Elige una de las aplicaciones recomendadas de Apple Store e ingresa los detalles de tu suscripci\u00f3n:<\/p>\n<ul>\n<li><a href=\"https:\/\/apps.apple.com\/eg\/app\/s-player-pro-iptv-player\/id1616174252\" rel=\"nofollow noopener\" target=\"_blank\">Descargue la aplicaci\u00f3n S Player Pro (busque Lion TV dentro)<\/a><\/li>\n<li><a href=\"https:\/\/apps.apple.com\/eg\/app\/247-iptv-player\/id1419998058\" rel=\"nofollow noopener\" target=\"_blank\">Descargue la aplicaci\u00f3n 247 IPTV Player<\/a><\/li>\n<li><a href=\"https:\/\/apps.apple.com\/sa\/app\/blink-player-pro\/id1635779666\" rel=\"nofollow noopener\" target=\"_blank\">Descargar Blink Player Pro<\/a><\/li>\n<\/ul>\n<h3>3. Computadoras (Windows y Mac)<\/h3>\n<p>Utilice IPTV Smarters Player para disfrutar de la mejor experiencia de escritorio:<\/p>\n<ul>\n<li><strong>Para Windows:<\/strong> <a href=\"https:\/\/www.mediafire.com\/file\/l7yn9wl5n74l397\/IPTV_Smarters_V2.4.exe\/file\" rel=\"nofollow noopener\" target=\"_blank\">Descargar IPTV Smarters para Windows<\/a><\/li>\n<li><strong>Para Mac:<\/strong> <a href=\"https:\/\/www.iptvsmarters.com\/IPTVSmartersPro-1.1.1.dmg\" rel=\"nofollow noopener\" target=\"_blank\">Descargar IPTV Smarters Pro para macOS<\/a><\/li>\n<\/ul>\n<h3>4. Televisores inteligentes (LG y Samsung)<\/h3>\n<p>Busca en la tienda de aplicaciones de tu pantalla una de estas aplicaciones e inst\u00e1lala:<\/p>\n<ul>\n<li>solicitud <strong>IPTV SMARTERS PRO<\/strong><\/li>\n<li>solicitud <strong>Jugador IBO<\/strong><\/li>\n<\/ul>\n<h2>\u00a1Suscr\u00edbete ahora a Lion TV y disfruta de una experiencia visual \u00fanica!<\/h2>\n<p>No pierdas la oportunidad de ver tu contenido favorito en alta calidad y una estabilidad inigualable.<\/p>\n<p><strong>Para conocer las \u00faltimas actualizaciones y ofertas exclusivas, s\u00edganos en Telegram:<\/strong><\/p>\n<p><a href=\"https:\/\/t.me\/myhdiptv1\" rel=\"nofollow\">https:\/\/t.me\/myhdiptv1<\/a><\/p>","protected":false},"excerpt":{"rendered":"<p><strong>\u00a1Disfruta de un a\u00f1o completo de entretenimiento con un paquete de suscripci\u00f3n anual a Lion TV! \ud83d\udd25 Obt\u00e9n acceso ilimitado a m\u00e1s de 8400 canales en vivo \ud83d\udcfa y la mayor biblioteca de pel\u00edculas y series \ud83c\udfac. Ve todos los partidos y eventos deportivos \u26bd con alta estabilidad y sin interrupciones. \u2705 La mejor opci\u00f3n para todos tus dispositivos a un precio inigualable. \u00a1Suscr\u00edbete ahora!<\/strong><\/p>","protected":false},"featured_media":714,"comment_status":"open","ping_status":"closed","template":"","meta":{"_monsterinsights_skip_tracking":false,"_monsterinsights_sitenote_active":false,"_monsterinsights_sitenote_note":"","_monsterinsights_sitenote_category":0},"product_brand":[],"product_cat":[95],"product_tag":[120,136,146,143,134,114,147,121,113,137,138,144,139,145,140,115,148,141,142,116],"class_list":{"0":"post-45","1":"product","2":"type-product","3":"status-publish","4":"has-post-thumbnail","6":"product_cat-lion-tv","7":"product_tag-iptv--","8":"product_tag-lion-iptv","9":"product_tag-lion-tv-official-subscription","10":"product_tag-lion-tv-subscription","11":"product_tag---iptv","13":"product_tag--iptv-","15":"product_tag--lion-tv","16":"product_tag---tv","18":"product_tag-144","19":"product_tag---lion-tv","20":"product_tag----tv","22":"product_tag--iptv","23":"product_tag--lion-tv-","28":"first","29":"instock","30":"sale","31":"shipping-taxable","32":"purchasable","33":"product-type-simple"},"_links":{"self":[{"href":"https:\/\/lion-tv.store\/es\/wp-json\/wp\/v2\/product\/45","targetHints":{"allow":["GET"]}}],"collection":[{"href":"https:\/\/lion-tv.store\/es\/wp-json\/wp\/v2\/product"}],"about":[{"href":"https:\/\/lion-tv.store\/es\/wp-json\/wp\/v2\/types\/product"}],"replies":[{"embeddable":true,"href":"https:\/\/lion-tv.store\/es\/wp-json\/wp\/v2\/comments?post=45"}],"wp:featuredmedia":[{"embeddable":true,"href":"https:\/\/lion-tv.store\/es\/wp-json\/wp\/v2\/media\/714"}],"wp:attachment":[{"href":"https:\/\/lion-tv.store\/es\/wp-json\/wp\/v2\/media?parent=45"}],"wp:term":[{"taxonomy":"product_brand","embeddable":true,"href":"https:\/\/lion-tv.store\/es\/wp-json\/wp\/v2\/product_brand?post=45"},{"taxonomy":"product_cat","embeddable":true,"href":"https:\/\/lion-tv.store\/es\/wp-json\/wp\/v2\/product_cat?post=45"},{"taxonomy":"product_tag","embeddable":true,"href":"https:\/\/lion-tv.store\/es\/wp-json\/wp\/v2\/product_tag?post=45"}],"curies":[{"name":"gracias","href":"https:\/\/api.w.org\/{rel}","templated":true}]}}